{"id":5642,"date":"2021-04-04T22:50:03","date_gmt":"2021-04-04T20:50:03","guid":{"rendered":"http:\/\/dstg-hessen.de\/cms\/?page_id=5642"},"modified":"2022-06-13T08:33:35","modified_gmt":"2022-06-13T06:33:35","slug":"mitgliedsbereich-8-3","status":"publish","type":"page","link":"https:\/\/dstg-hessen.de\/cms\/?page_id=5642","title":{"rendered":"Pressebereich"},"content":{"rendered":"\t\t<div data-elementor-type=\"wp-page\" data-elementor-id=\"5642\" class=\"elementor elementor-5642\">\n\t\t\t\t\t\t\t\t\t<section class=\"elementor-section elementor-top-section elementor-element elementor-element-762057c elementor-section-stretched elementor-section-boxed elementor-section-height-default elementor-section-height-default\" data-id=\"762057c\" data-element_type=\"section\" data-settings=\"{&quot;stretch_section&quot;:&quot;section-stretched&quot;,&quot;background_background&quot;:&quot;classic&quot;}\">\n\t\t\t\t\t\t<div class=\"elementor-container elementor-column-gap-default\">\n\t\t\t\t\t<div class=\"elementor-column elementor-col-100 elementor-top-column elementor-element elementor-element-6258ab1\" data-id=\"6258ab1\" data-element_type=\"column\">\n\t\t\t<div class=\"elementor-widget-wrap elementor-element-populated\">\n\t\t\t\t\t\t\t\t<div class=\"elementor-element elementor-element-14a1aa7 elementor-widget elementor-widget-spacer\" data-id=\"14a1aa7\" data-element_type=\"widget\" data-widget_type=\"spacer.default\">\n\t\t\t\t<div class=\"elementor-widget-container\">\n\t\t\t\t\t<div class=\"elementor-spacer\">\n\t\t\t<div class=\"elementor-spacer-inner\"><\/div>\n\t\t<\/div>\n\t\t\t\t<\/div>\n\t\t\t\t<\/div>\n\t\t\t\t<div class=\"elementor-element elementor-element-7b80dbd elementor-widget elementor-widget-heading\" data-id=\"7b80dbd\" data-element_type=\"widget\" data-widget_type=\"heading.default\">\n\t\t\t\t<div class=\"elementor-widget-container\">\n\t\t\t<h3 class=\"elementor-heading-title elementor-size-default\">Pressebereich<\/h3>\t\t<\/div>\n\t\t\t\t<\/div>\n\t\t\t\t\t<\/div>\n\t\t<\/div>\n\t\t\t\t\t\t\t<\/div>\n\t\t<\/section>\n\t\t\t\t<section class=\"elementor-section elementor-top-section elementor-element elementor-element-a969d2d elementor-section-stretched elementor-section-boxed elementor-section-height-default elementor-section-height-default\" data-id=\"a969d2d\" data-element_type=\"section\" data-settings=\"{&quot;stretch_section&quot;:&quot;section-stretched&quot;}\">\n\t\t\t\t\t\t<div class=\"elementor-container elementor-column-gap-default\">\n\t\t\t\t\t<div class=\"elementor-column elementor-col-100 elementor-top-column elementor-element elementor-element-c97affb\" data-id=\"c97affb\" data-element_type=\"column\">\n\t\t\t<div class=\"elementor-widget-wrap elementor-element-populated\">\n\t\t\t\t\t\t\t\t<div class=\"elementor-element elementor-element-9ad8b02 elementor-grid-eael-col-4 elementor-grid-tablet-eael-col-2 elementor-grid-mobile-eael-col-1 elementor-widget elementor-widget-eael-post-grid\" data-id=\"9ad8b02\" data-element_type=\"widget\" data-settings=\"{&quot;eael_post_grid_columns&quot;:&quot;eael-col-4&quot;,&quot;eael_post_grid_columns_tablet&quot;:&quot;eael-col-2&quot;,&quot;eael_post_grid_columns_mobile&quot;:&quot;eael-col-1&quot;}\" data-widget_type=\"eael-post-grid.default\">\n\t\t\t\t<div class=\"elementor-widget-container\">\n\t\t\t<div id=\"eael-post-grid-9ad8b02\" class=\"eael-post-grid-container\">\n            <div class=\"eael-post-grid eael-post-appender eael-post-appender-9ad8b02 eael-post-grid-style-default\" data-layout-mode=\"masonry\"><article class=\"eael-grid-post eael-post-grid-column\" data-id=\"9052\">\n        <div class=\"eael-grid-post-holder\">\n            <div class=\"eael-grid-post-holder-inner\"><div class=\"eael-entry-wrapper\"><header class=\"eael-entry-header\"><h2 class=\"eael-entry-title\"><a\n                        class=\"eael-grid-post-link\"\n                        href=\"https:\/\/dstg-hessen.de\/cms\/?p=9052\"\n                        title=\"30.12.2025 (pm): Fehlplanung und unn\u00f6tige Zumutungen belasten hessische Steuerbeamten-Ausbildung\">30.12.2025 (pm): Fehlplanung und unn\u00f6tige Zumutungen belasten hessische Steuerbeamten-Ausbildung<\/a><\/h2><\/header><div class=\"eael-entry-content\">\n                        <div class=\"eael-grid-post-excerpt\"><p>PRESSE \u2013 MITTEILUNG der Deutschen Steuer-Gewerkschaft (DSTG) Gelnhausen, 30. Dezember...<\/p><a\n                            href=\"https:\/\/dstg-hessen.de\/cms\/?p=9052\"\n                            class=\"eael-post-elements-readmore-btn\">Read More<\/a><\/div>\n                    <\/div><\/div><\/div>\n        <\/div>\n    <\/article><article class=\"eael-grid-post eael-post-grid-column\" data-id=\"9032\">\n        <div class=\"eael-grid-post-holder\">\n            <div class=\"eael-grid-post-holder-inner\"><div class=\"eael-entry-wrapper\"><header class=\"eael-entry-header\"><h2 class=\"eael-entry-title\"><a\n                        class=\"eael-grid-post-link\"\n                        href=\"https:\/\/dstg-hessen.de\/cms\/?p=9032\"\n                        title=\"21.11.2025 (pm): \u201e300 Finanz-Spartaner\u201c retten Kommunen personell?\">21.11.2025 (pm): \u201e300 Finanz-Spartaner\u201c retten Kommunen personell?<\/a><\/h2><\/header><div class=\"eael-entry-content\">\n                        <div class=\"eael-grid-post-excerpt\"><p>PRESSE \u2013 MITTEILUNG der Deutschen Steuer-Gewerkschaft (DSTG) Gelnhausenn, 21. November...<\/p><a\n                            href=\"https:\/\/dstg-hessen.de\/cms\/?p=9032\"\n                            class=\"eael-post-elements-readmore-btn\">Read More<\/a><\/div>\n                    <\/div><\/div><\/div>\n        <\/div>\n    <\/article><article class=\"eael-grid-post eael-post-grid-column\" data-id=\"9018\">\n        <div class=\"eael-grid-post-holder\">\n            <div class=\"eael-grid-post-holder-inner\"><div class=\"eael-entry-wrapper\"><header class=\"eael-entry-header\"><h2 class=\"eael-entry-title\"><a\n                        class=\"eael-grid-post-link\"\n                        href=\"https:\/\/dstg-hessen.de\/cms\/?p=9018\"\n                        title=\"04.11.2025 (pm): Tarifseminar fordert Einstellungen und Festvertr\u00e4ge \u2013 DSTG Hessen auf Dialog-Tour\">04.11.2025 (pm): Tarifseminar fordert Einstellungen und Festvertr\u00e4ge \u2013 DSTG Hessen auf Dialog-Tour<\/a><\/h2><\/header><div class=\"eael-entry-content\">\n                        <div class=\"eael-grid-post-excerpt\"><p>PRESSE \u2013 MITTEILUNG der Deutschen Steuer-Gewerkschaft (DSTG) Gelnhausenn, 04. November...<\/p><a\n                            href=\"https:\/\/dstg-hessen.de\/cms\/?p=9018\"\n                            class=\"eael-post-elements-readmore-btn\">Read More<\/a><\/div>\n                    <\/div><\/div><\/div>\n        <\/div>\n    <\/article><article class=\"eael-grid-post eael-post-grid-column\" data-id=\"9002\">\n        <div class=\"eael-grid-post-holder\">\n            <div class=\"eael-grid-post-holder-inner\"><div class=\"eael-entry-wrapper\"><header class=\"eael-entry-header\"><h2 class=\"eael-entry-title\"><a\n                        class=\"eael-grid-post-link\"\n                        href=\"https:\/\/dstg-hessen.de\/cms\/?p=9002\"\n                        title=\"15.08.2025 (pm): Vorboten der Geheimaktion \u2013 Neue Finanzamts-Strukturen S\u00fcdhessen???\">15.08.2025 (pm): Vorboten der Geheimaktion \u2013 Neue Finanzamts-Strukturen S\u00fcdhessen???<\/a><\/h2><\/header><div class=\"eael-entry-content\">\n                        <div class=\"eael-grid-post-excerpt\"><p>PRESSE \u2013 MITTEILUNG der Deutschen Steuer-Gewerkschaft (DSTG) Gelnhausenn, 15. August...<\/p><a\n                            href=\"https:\/\/dstg-hessen.de\/cms\/?p=9002\"\n                            class=\"eael-post-elements-readmore-btn\">Read More<\/a><\/div>\n                    <\/div><\/div><\/div>\n        <\/div>\n    <\/article><article class=\"eael-grid-post eael-post-grid-column\" data-id=\"8993\">\n        <div class=\"eael-grid-post-holder\">\n            <div class=\"eael-grid-post-holder-inner\"><div class=\"eael-entry-wrapper\"><header class=\"eael-entry-header\"><h2 class=\"eael-entry-title\"><a\n                        class=\"eael-grid-post-link\"\n                        href=\"https:\/\/dstg-hessen.de\/cms\/?p=8993\"\n                        title=\"10.08.2025 (pm): Steuerpr\u00fcfungen im Sinkflug \u2013 DSTG Hessen warnt vor gef\u00e4hrlicher Entwicklung und fordert Umdenken in der Finanz- und Besch\u00e4ftigungspolitik\">10.08.2025 (pm): Steuerpr\u00fcfungen im Sinkflug \u2013 DSTG Hessen warnt vor gef\u00e4hrlicher Entwicklung und fordert Umdenken in der Finanz- und Besch\u00e4ftigungspolitik<\/a><\/h2><\/header><div class=\"eael-entry-content\">\n                        <div class=\"eael-grid-post-excerpt\"><p>PRESSE \u2013 MITTEILUNG der Deutschen Steuer-Gewerkschaft (DSTG) Gelnhausenn, 10. August...<\/p><a\n                            href=\"https:\/\/dstg-hessen.de\/cms\/?p=8993\"\n                            class=\"eael-post-elements-readmore-btn\">Read More<\/a><\/div>\n                    <\/div><\/div><\/div>\n        <\/div>\n    <\/article><article class=\"eael-grid-post eael-post-grid-column\" data-id=\"8962\">\n        <div class=\"eael-grid-post-holder\">\n            <div class=\"eael-grid-post-holder-inner\"><div class=\"eael-entry-wrapper\"><header class=\"eael-entry-header\"><h2 class=\"eael-entry-title\"><a\n                        class=\"eael-grid-post-link\"\n                        href=\"https:\/\/dstg-hessen.de\/cms\/?p=8962\"\n                        title=\"15.07.2025 (pm): 75 Jahre DSTG Hessen &#8211; Steuergewerkschaft Hessen fordert l\u00e4nder\u00fcbergreifende Task-Force gegen organisierten Steuerbetrug\">15.07.2025 (pm): 75 Jahre DSTG Hessen &#8211; Steuergewerkschaft Hessen fordert l\u00e4nder\u00fcbergreifende Task-Force gegen organisierten Steuerbetrug<\/a><\/h2><\/header><div class=\"eael-entry-content\">\n                        <div class=\"eael-grid-post-excerpt\"><p>PRESSE \u2013 MITTEILUNG der Deutschen Steuer-Gewerkschaft (DSTG) Gelnhausenn, 15. Juli...<\/p><a\n                            href=\"https:\/\/dstg-hessen.de\/cms\/?p=8962\"\n                            class=\"eael-post-elements-readmore-btn\">Read More<\/a><\/div>\n                    <\/div><\/div><\/div>\n        <\/div>\n    <\/article><article class=\"eael-grid-post eael-post-grid-column\" data-id=\"8901\">\n        <div class=\"eael-grid-post-holder\">\n            <div class=\"eael-grid-post-holder-inner\"><div class=\"eael-entry-wrapper\"><header class=\"eael-entry-header\"><h2 class=\"eael-entry-title\"><a\n                        class=\"eael-grid-post-link\"\n                        href=\"https:\/\/dstg-hessen.de\/cms\/?p=8901\"\n                        title=\"28.03.2025 (pm): DSTG Hessen fordert mehr Schlagkraft f\u00fcr die Betriebspr\u00fcfungsdienste Weitere Stellen f\u00fcr Land und Bund angebracht\">28.03.2025 (pm): DSTG Hessen fordert mehr Schlagkraft f\u00fcr die Betriebspr\u00fcfungsdienste Weitere Stellen f\u00fcr Land und Bund angebracht<\/a><\/h2><\/header><div class=\"eael-entry-content\">\n                        <div class=\"eael-grid-post-excerpt\"><p>PRESSE \u2013 MITTEILUNG der Deutschen Steuer-Gewerkschaft (DSTG) Gelnhausenn, 28. M\u00e4rz...<\/p><a\n                            href=\"https:\/\/dstg-hessen.de\/cms\/?p=8901\"\n                            class=\"eael-post-elements-readmore-btn\">Read More<\/a><\/div>\n                    <\/div><\/div><\/div>\n        <\/div>\n    <\/article><article class=\"eael-grid-post eael-post-grid-column\" data-id=\"8888\">\n        <div class=\"eael-grid-post-holder\">\n            <div class=\"eael-grid-post-holder-inner\"><div class=\"eael-entry-wrapper\"><header class=\"eael-entry-header\"><h2 class=\"eael-entry-title\"><a\n                        class=\"eael-grid-post-link\"\n                        href=\"https:\/\/dstg-hessen.de\/cms\/?p=8888\"\n                        title=\"24.02.2025 (pm): DSTG Hessen demonstriert am 25.02.2025 mit bei dbb-Demo gegen Verschiebung der Besoldungserh\u00f6hung\">24.02.2025 (pm): DSTG Hessen demonstriert am 25.02.2025 mit bei dbb-Demo gegen Verschiebung der Besoldungserh\u00f6hung<\/a><\/h2><\/header><div class=\"eael-entry-content\">\n                        <div class=\"eael-grid-post-excerpt\"><p>PRESSE \u2013 MITTEILUNG der Deutschen Steuer-Gewerkschaft (DSTG) Wiesbaden\/Gelnhausen, 24. Februar...<\/p><a\n                            href=\"https:\/\/dstg-hessen.de\/cms\/?p=8888\"\n                            class=\"eael-post-elements-readmore-btn\">Read More<\/a><\/div>\n                    <\/div><\/div><\/div>\n        <\/div>\n    <\/article><\/div>\n            <div class=\"clearfix\"><\/div>\n        <\/div>            <div class=\"eael-load-more-button-wrap eael-force-hide\">\n                <button class=\"eael-load-more-button\" id=\"eael-load-more-btn-9ad8b02\" data-widget-id=\"9ad8b02\" data-widget=\"9ad8b02\" data-page-id=\"5642\" data-nonce=\"346609159d\" data-template=\"{&quot;dir&quot;:&quot;lite&quot;,&quot;file_name&quot;:&quot;default.php&quot;,&quot;name&quot;:&quot;Post-Grid&quot;}\" data-class=\"Essential_Addons_Elementor\\Elements\\Post_Grid\" data-layout=\"masonry\" data-page=\"1\" data-args=\"orderby=date&amp;order=desc&amp;ignore_sticky_posts=1&amp;post_status=publish&amp;posts_per_page=8&amp;offset=0&amp;post_type=post&amp;tax_query%5B0%5D%5Btaxonomy%5D=category&amp;tax_query%5B0%5D%5Bfield%5D=term_id&amp;tax_query%5B0%5D%5Bterms%5D%5B0%5D=4&amp;tax_query%5Brelation%5D=AND\" data-max-page=\"10\">\n                    <div class=\"eael-btn-loader button__loader\"><\/div>\n                    <span>Load More<\/span>\n                <\/button>\n            <\/div>\n        \t\t<\/div>\n\t\t\t\t<\/div>\n\t\t\t\t<div class=\"elementor-element elementor-element-3999d82 elementor-widget elementor-widget-spacer\" data-id=\"3999d82\" data-element_type=\"widget\" data-widget_type=\"spacer.default\">\n\t\t\t\t<div class=\"elementor-widget-container\">\n\t\t\t\t\t<div class=\"elementor-spacer\">\n\t\t\t<div class=\"elementor-spacer-inner\"><\/div>\n\t\t<\/div>\n\t\t\t\t<\/div>\n\t\t\t\t<\/div>\n\t\t\t\t<div class=\"elementor-element elementor-element-44ac2ea elementor-widget elementor-widget-heading\" data-id=\"44ac2ea\" data-element_type=\"widget\" data-widget_type=\"heading.default\">\n\t\t\t\t<div class=\"elementor-widget-container\">\n\t\t\t<h3 class=\"elementor-heading-title elementor-size-default\">Pressekontakt<\/h3>\t\t<\/div>\n\t\t\t\t<\/div>\n\t\t\t\t<div class=\"elementor-element elementor-element-6bcf647 elementor-widget elementor-widget-text-editor\" data-id=\"6bcf647\" data-element_type=\"widget\" data-widget_type=\"text-editor.default\">\n\t\t\t\t<div class=\"elementor-widget-container\">\n\t\t\t\t\t\t\t<p><strong><span><span style=\"font-size: large;\"><span style=\"color: var( --e-global-color-text );\">DSTG Hessen<\/span><\/span><\/span><\/strong><\/p>\n<p>Tel.: 06051\/ 53 89 500<\/p>\n<p>Mail: Landesverband@dstghessen.de<\/p>\t\t\t\t\t\t<\/div>\n\t\t\t\t<\/div>\n\t\t\t\t\t<\/div>\n\t\t<\/div>\n\t\t\t\t\t\t\t<\/div>\n\t\t<\/section>\n\t\t\t\t\t\t\t<\/div>\n\t\t","protected":false},"excerpt":{"rendered":"<p>Pressebereich 13.04.2022 (pm): Hessische Steuergewerkschaft bekr\u00e4ftigt Forderung nach umgehender Anpassung der rechtswidrigen Beamtenbesoldung PRESSE \u2013 MITTEILUNG der Deutschen Steuer-Gewerkschaft (DSTG) Gelnhausen, 13.4.2022 \u00a0&#8230; Read More 16.03.2022 (pm): Hessische Steuergewerkschaft unterst\u00fctzt Forderungen nach Konjunktur- und Ma\u00dfnahmenpaket Hessische Steuergewerkschaft unterst\u00fctzt Forderungen nach Konjunktur- und Ma\u00dfnahmenpaket Hessische Steuergewerkschaft&#8230; Read More 18.10.2021 (pm): Steuer-Gewerkschaft beschlie\u00dft breit angelegte Offensive zur [&hellip;]<\/p>\n","protected":false},"author":5,"featured_media":0,"parent":0,"menu_order":0,"comment_status":"closed","ping_status":"closed","template":"","meta":[],"blog_post_layout_featured_media_urls":{"thumbnail":"","full":""},"categories_names":null,"comments_number":"0","_links":{"self":[{"href":"https:\/\/dstg-hessen.de\/cms\/index.php?rest_route=\/wp\/v2\/pages\/5642"}],"collection":[{"href":"https:\/\/dstg-hessen.de\/cms\/index.php?rest_route=\/wp\/v2\/pages"}],"about":[{"href":"https:\/\/dstg-hessen.de\/cms\/index.php?rest_route=\/wp\/v2\/types\/page"}],"author":[{"embeddable":true,"href":"https:\/\/dstg-hessen.de\/cms\/index.php?rest_route=\/wp\/v2\/users\/5"}],"replies":[{"embeddable":true,"href":"https:\/\/dstg-hessen.de\/cms\/index.php?rest_route=%2Fwp%2Fv2%2Fcomments&post=5642"}],"version-history":[{"count":3,"href":"https:\/\/dstg-hessen.de\/cms\/index.php?rest_route=\/wp\/v2\/pages\/5642\/revisions"}],"predecessor-version":[{"id":6976,"href":"https:\/\/dstg-hessen.de\/cms\/index.php?rest_route=\/wp\/v2\/pages\/5642\/revisions\/6976"}],"wp:attachment":[{"href":"https:\/\/dstg-hessen.de\/cms\/index.php?rest_route=%2Fwp%2Fv2%2Fmedia&parent=5642"}],"curies":[{"name":"wp","href":"https:\/\/api.w.org\/{rel}","templated":true}]}}